{"id":4864,"date":"2025-10-07T15:15:58","date_gmt":"2025-10-07T15:15:58","guid":{"rendered":"https:\/\/www.elielfigueiredo.com.br\/?page_id=4864"},"modified":"2025-10-07T18:27:51","modified_gmt":"2025-10-07T18:27:51","slug":"relatorio-de-transparencia","status":"publish","type":"page","link":"https:\/\/www.elielfigueiredo.com.br\/index.php\/relatorio-de-transparencia\/","title":{"rendered":"Relat\u00f3rio de Transpar\u00eancia"},"content":{"rendered":"<div class=\"fusion-fullwidth fullwidth-box fusion-builder-row-1 fusion-flex-container has-pattern-background has-mask-background nonhundred-percent-fullwidth non-hundred-percent-height-scrolling\" style=\"--awb-border-radius-top-left:0px;--awb-border-radius-top-right:0px;--awb-border-radius-bottom-right:0px;--awb-border-radius-bottom-left:0px;--awb-padding-top:48px;--awb-padding-bottom:30px;--awb-padding-top-medium:24px;--awb-padding-bottom-medium:72px;--awb-padding-top-small:20px;\" ><div class=\"fusion-builder-row fusion-row fusion-flex-align-items-flex-start\" style=\"max-width:1310.4px;margin-left: calc(-4% \/ 2 );margin-right: calc(-4% \/ 2 );\"><div class=\"fusion-layout-column fusion_builder_column fusion-builder-column-0 fusion_builder_column_1_1 1_1 fusion-flex-column fusion-flex-align-self-flex-start fusion-animated\" style=\"--awb-padding-bottom:30px;--awb-bg-size:cover;--awb-width-large:100%;--awb-margin-top-large:72px;--awb-spacing-right-large:1.92%;--awb-margin-bottom-large:0px;--awb-spacing-left-large:1.92%;--awb-width-medium:100%;--awb-order-medium:0;--awb-margin-top-medium:48px;--awb-spacing-right-medium:1.92%;--awb-spacing-left-medium:1.92%;--awb-width-small:100%;--awb-order-small:0;--awb-spacing-right-small:1.92%;--awb-spacing-left-small:1.92%;\" data-animationType=\"fadeInDown\" data-animationDuration=\"1.0\" data-animationOffset=\"top-into-view\" data-motion-effects=\"[{&quot;type&quot;:&quot;&quot;,&quot;scroll_type&quot;:&quot;transition&quot;,&quot;scroll_direction&quot;:&quot;up&quot;,&quot;transition_speed&quot;:&quot;1&quot;,&quot;fade_type&quot;:&quot;in&quot;,&quot;scale_type&quot;:&quot;up&quot;,&quot;initial_scale&quot;:&quot;1&quot;,&quot;max_scale&quot;:&quot;1.5&quot;,&quot;min_scale&quot;:&quot;0.5&quot;,&quot;initial_rotate&quot;:&quot;0&quot;,&quot;end_rotate&quot;:&quot;30&quot;,&quot;initial_blur&quot;:&quot;0&quot;,&quot;end_blur&quot;:&quot;3&quot;,&quot;start_element&quot;:&quot;top&quot;,&quot;start_viewport&quot;:&quot;bottom&quot;,&quot;end_element&quot;:&quot;bottom&quot;,&quot;end_viewport&quot;:&quot;top&quot;,&quot;mouse_effect&quot;:&quot;track&quot;,&quot;mouse_effect_direction&quot;:&quot;opposite&quot;,&quot;mouse_effect_speed&quot;:&quot;2&quot;,&quot;infinite_animation&quot;:&quot;float&quot;,&quot;infinite_animation_speed&quot;:&quot;2&quot;}]\" data-scroll-devices=\"small-visibility,medium-visibility,large-visibility\"><div class=\"fusion-column-wrapper fusion-column-has-shadow fusion-flex-justify-content-flex-start fusion-content-layout-column\"><div class=\"fusion-title title fusion-title-1 fusion-sep-none fusion-title-text fusion-title-size-four\"><h4 class=\"title-heading-left fusion-responsive-typography-calculated\" style=\"font-family:Arial, Helvetica, sans-serif;font-style:normal;font-weight:400;margin:0;--fontSize:24;--minFontSize:24;line-height:1.42;\"><p>Compromisso com a Transpar\u00eancia e Igualdade Salarial<\/p>\n<p>Na Eliel Figueiredo Diagn\u00f3sticos M\u00e9dicos, reconhecemos a relev\u00e2ncia da transpar\u00eancia de informa\u00e7\u00f5es e apoiamos integralmente as iniciativas do Governo Federal voltadas \u00e0 promo\u00e7\u00e3o da equidade no ambiente de trabalho. Refor\u00e7amos nosso compromisso em manter um espa\u00e7o profissional inclusivo, justo, \u00e9tico e seguro, contribuindo ativamente para a redu\u00e7\u00e3o das desigualdades de g\u00eanero e ra\u00e7a no mercado de trabalho brasileiro.<\/p>\n<p>Em observ\u00e2ncia \u00e0 Lei n\u00ba 14.611, de 04 de julho de 2023, e \u00e0 Portaria n\u00ba 3.714 do Minist\u00e9rio do Trabalho e Emprego (MTE), informamos que est\u00e3o dispon\u00edveis os Relat\u00f3rios de Transpar\u00eancia e Igualdade Salarial referentes aos CNPJs da empresa com 100 ou mais colaboradores. Ressaltamos que todas as normas e pol\u00edticas estabelecidas pela legisla\u00e7\u00e3o se aplicam integralmente \u00e0 Eliel Figueiredo Diagn\u00f3sticos M\u00e9dicos de Apoio Ltda.<\/p>\n<p>Os relat\u00f3rios foram elaborados a partir de informa\u00e7\u00f5es oficiais coletadas pelo Governo Federal, com base nos dados do eSocial e da RAIS, disponibilizados em agosto de 2025. Cumpre destacar que todos os dados est\u00e3o devidamente protegidos conforme a Lei Geral de Prote\u00e7\u00e3o de Dados Pessoais (LGPD \u2013 Lei n\u00ba 13.709\/2018).<br \/>\nO Minist\u00e9rio do Trabalho e Emprego realizou a anonimiza\u00e7\u00e3o e categoriza\u00e7\u00e3o das informa\u00e7\u00f5es segundo a Classifica\u00e7\u00e3o Brasileira de Ocupa\u00e7\u00f5es (CBO).<\/p>\n<p>A CBO \u00e9 um sistema que descreve e organiza as profiss\u00f5es existentes no pa\u00eds, permitindo identificar e detalhar atividades profissionais, al\u00e9m de orientar empresas na estrutura\u00e7\u00e3o de cargos e fun\u00e7\u00f5es e embasar pol\u00edticas p\u00fablicas e estudos sobre o mercado de trabalho.<\/p>\n<p>\ud83d\udc49 <strong>Acesse os Relat\u00f3rios<\/strong> [<a href=\"https:\/\/www.elielfigueiredo.com.br\/wp-content\/uploads\/2025\/10\/RelatorioIgualdadeSalarialLote_2025_2_11019085000176-1-1.pdf\">BAIXAR<\/a>].<\/p>\n<p>Reiteramos, assim, o compromisso da Eliel Figueiredo Diagn\u00f3sticos M\u00e9dicos com a transpar\u00eancia, igualdade e valoriza\u00e7\u00e3o das pessoas, pilares que norteiam nossa atua\u00e7\u00e3o. Permanecemos \u00e0 disposi\u00e7\u00e3o para esclarecimentos e reafirmamos nossa dedica\u00e7\u00e3o em seguir pr\u00e1ticas \u00e9ticas, respons\u00e1veis e alinhadas \u00e0 legisla\u00e7\u00e3o\u00a0vigente.<\/p><\/h4><\/div><\/div><\/div><\/div><\/div>\n","protected":false},"excerpt":{"rendered":"","protected":false},"author":1,"featured_media":0,"parent":0,"menu_order":0,"comment_status":"closed","ping_status":"closed","template":"100-width.php","meta":{"footnotes":""},"class_list":["post-4864","page","type-page","status-publish","hentry"],"yoast_head":"<!-- This site is optimized with the Yoast SEO plugin v20.9 - https:\/\/yoast.com\/wordpress\/plugins\/seo\/ -->\n<title>Relat\u00f3rio de Transpar\u00eancia - Eliel figueiredo<\/title>\n<meta name=\"robots\" content=\"index, follow, max-snippet:-1, max-image-preview:large, max-video-preview:-1\" \/>\n<link rel=\"canonical\" href=\"https:\/\/www.elielfigueiredo.com.br\/index.php\/relatorio-de-transparencia\/\" \/>\n<meta property=\"og:locale\" content=\"pt_BR\" \/>\n<meta property=\"og:type\" content=\"article\" \/>\n<meta property=\"og:title\" content=\"Relat\u00f3rio de Transpar\u00eancia - Eliel figueiredo\" \/>\n<meta property=\"og:url\" content=\"https:\/\/www.elielfigueiredo.com.br\/index.php\/relatorio-de-transparencia\/\" \/>\n<meta property=\"og:site_name\" content=\"Eliel figueiredo\" \/>\n<meta property=\"article:modified_time\" content=\"2025-10-07T18:27:51+00:00\" \/>\n<meta name=\"twitter:card\" content=\"summary_large_image\" \/>\n<meta name=\"twitter:label1\" content=\"Est. tempo de leitura\" \/>\n\t<meta name=\"twitter:data1\" content=\"4 minutos\" \/>\n<script type=\"application\/ld+json\" class=\"yoast-schema-graph\">{\"@context\":\"https:\/\/schema.org\",\"@graph\":[{\"@type\":\"WebPage\",\"@id\":\"https:\/\/www.elielfigueiredo.com.br\/index.php\/relatorio-de-transparencia\/\",\"url\":\"https:\/\/www.elielfigueiredo.com.br\/index.php\/relatorio-de-transparencia\/\",\"name\":\"Relat\u00f3rio de Transpar\u00eancia - Eliel figueiredo\",\"isPartOf\":{\"@id\":\"https:\/\/www.elielfigueiredo.com.br\/#website\"},\"datePublished\":\"2025-10-07T15:15:58+00:00\",\"dateModified\":\"2025-10-07T18:27:51+00:00\",\"breadcrumb\":{\"@id\":\"https:\/\/www.elielfigueiredo.com.br\/index.php\/relatorio-de-transparencia\/#breadcrumb\"},\"inLanguage\":\"pt-BR\",\"potentialAction\":[{\"@type\":\"ReadAction\",\"target\":[\"https:\/\/www.elielfigueiredo.com.br\/index.php\/relatorio-de-transparencia\/\"]}]},{\"@type\":\"BreadcrumbList\",\"@id\":\"https:\/\/www.elielfigueiredo.com.br\/index.php\/relatorio-de-transparencia\/#breadcrumb\",\"itemListElement\":[{\"@type\":\"ListItem\",\"position\":1,\"name\":\"In\u00edcio\",\"item\":\"https:\/\/www.elielfigueiredo.com.br\/\"},{\"@type\":\"ListItem\",\"position\":2,\"name\":\"Relat\u00f3rio de Transpar\u00eancia\"}]},{\"@type\":\"WebSite\",\"@id\":\"https:\/\/www.elielfigueiredo.com.br\/#website\",\"url\":\"https:\/\/www.elielfigueiredo.com.br\/\",\"name\":\"Eliel figueiredo\",\"description\":\"Laborat\u00f3rio e Imagem. H\u00e1 mais de 50 anos promovendo sa\u00fade! Central de Atendimento: 21 2450-8200\",\"potentialAction\":[{\"@type\":\"SearchAction\",\"target\":{\"@type\":\"EntryPoint\",\"urlTemplate\":\"https:\/\/www.elielfigueiredo.com.br\/?s={search_term_string}\"},\"query-input\":\"required name=search_term_string\"}],\"inLanguage\":\"pt-BR\"}]}<\/script>\n<!-- \/ Yoast SEO plugin. -->","yoast_head_json":{"title":"Relat\u00f3rio de Transpar\u00eancia - Eliel figueiredo","robots":{"index":"index","follow":"follow","max-snippet":"max-snippet:-1","max-image-preview":"max-image-preview:large","max-video-preview":"max-video-preview:-1"},"canonical":"https:\/\/www.elielfigueiredo.com.br\/index.php\/relatorio-de-transparencia\/","og_locale":"pt_BR","og_type":"article","og_title":"Relat\u00f3rio de Transpar\u00eancia - Eliel figueiredo","og_url":"https:\/\/www.elielfigueiredo.com.br\/index.php\/relatorio-de-transparencia\/","og_site_name":"Eliel figueiredo","article_modified_time":"2025-10-07T18:27:51+00:00","twitter_card":"summary_large_image","twitter_misc":{"Est. tempo de leitura":"4 minutos"},"schema":{"@context":"https:\/\/schema.org","@graph":[{"@type":"WebPage","@id":"https:\/\/www.elielfigueiredo.com.br\/index.php\/relatorio-de-transparencia\/","url":"https:\/\/www.elielfigueiredo.com.br\/index.php\/relatorio-de-transparencia\/","name":"Relat\u00f3rio de Transpar\u00eancia - Eliel figueiredo","isPartOf":{"@id":"https:\/\/www.elielfigueiredo.com.br\/#website"},"datePublished":"2025-10-07T15:15:58+00:00","dateModified":"2025-10-07T18:27:51+00:00","breadcrumb":{"@id":"https:\/\/www.elielfigueiredo.com.br\/index.php\/relatorio-de-transparencia\/#breadcrumb"},"inLanguage":"pt-BR","potentialAction":[{"@type":"ReadAction","target":["https:\/\/www.elielfigueiredo.com.br\/index.php\/relatorio-de-transparencia\/"]}]},{"@type":"BreadcrumbList","@id":"https:\/\/www.elielfigueiredo.com.br\/index.php\/relatorio-de-transparencia\/#breadcrumb","itemListElement":[{"@type":"ListItem","position":1,"name":"In\u00edcio","item":"https:\/\/www.elielfigueiredo.com.br\/"},{"@type":"ListItem","position":2,"name":"Relat\u00f3rio de Transpar\u00eancia"}]},{"@type":"WebSite","@id":"https:\/\/www.elielfigueiredo.com.br\/#website","url":"https:\/\/www.elielfigueiredo.com.br\/","name":"Eliel figueiredo","description":"Laborat\u00f3rio e Imagem. H\u00e1 mais de 50 anos promovendo sa\u00fade! Central de Atendimento: 21 2450-8200","potentialAction":[{"@type":"SearchAction","target":{"@type":"EntryPoint","urlTemplate":"https:\/\/www.elielfigueiredo.com.br\/?s={search_term_string}"},"query-input":"required name=search_term_string"}],"inLanguage":"pt-BR"}]}},"jetpack_sharing_enabled":true,"_links":{"self":[{"href":"https:\/\/www.elielfigueiredo.com.br\/index.php\/wp-json\/wp\/v2\/pages\/4864","targetHints":{"allow":["GET"]}}],"collection":[{"href":"https:\/\/www.elielfigueiredo.com.br\/index.php\/wp-json\/wp\/v2\/pages"}],"about":[{"href":"https:\/\/www.elielfigueiredo.com.br\/index.php\/wp-json\/wp\/v2\/types\/page"}],"author":[{"embeddable":true,"href":"https:\/\/www.elielfigueiredo.com.br\/index.php\/wp-json\/wp\/v2\/users\/1"}],"replies":[{"embeddable":true,"href":"https:\/\/www.elielfigueiredo.com.br\/index.php\/wp-json\/wp\/v2\/comments?post=4864"}],"version-history":[{"count":22,"href":"https:\/\/www.elielfigueiredo.com.br\/index.php\/wp-json\/wp\/v2\/pages\/4864\/revisions"}],"predecessor-version":[{"id":4898,"href":"https:\/\/www.elielfigueiredo.com.br\/index.php\/wp-json\/wp\/v2\/pages\/4864\/revisions\/4898"}],"wp:attachment":[{"href":"https:\/\/www.elielfigueiredo.com.br\/index.php\/wp-json\/wp\/v2\/media?parent=4864"}],"curies":[{"name":"wp","href":"https:\/\/api.w.org\/{rel}","templated":true}]}}