{"id":2755,"date":"2023-09-20T02:02:48","date_gmt":"2023-09-20T02:02:48","guid":{"rendered":"https:\/\/www.elielfigueiredo.com.br\/?page_id=2755"},"modified":"2024-07-10T16:33:43","modified_gmt":"2024-07-10T16:33:43","slug":"quem-somos","status":"publish","type":"page","link":"https:\/\/www.elielfigueiredo.com.br\/index.php\/quem-somos\/","title":{"rendered":"Quem somos"},"content":{"rendered":"<p><div class=\"fusion-fullwidth fullwidth-box fusion-builder-row-1 fusion-flex-container has-pattern-background has-mask-background nonhundred-percent-fullwidth non-hundred-percent-height-scrolling\" style=\"--awb-border-radius-top-left:0px;--awb-border-radius-top-right:0px;--awb-border-radius-bottom-right:0px;--awb-border-radius-bottom-left:0px;\" ><div class=\"fusion-builder-row fusion-row fusion-flex-align-items-flex-start\" style=\"max-width:1310.4px;margin-left: calc(-4% \/ 2 );margin-right: calc(-4% \/ 2 );\"><div class=\"fusion-layout-column fusion_builder_column fusion-builder-column-0 fusion_builder_column_1_1 1_1 fusion-flex-column\" style=\"--awb-bg-size:cover;--awb-width-large:100%;--awb-margin-top-large:20px;--awb-spacing-right-large:1.92%;--awb-margin-bottom-large:20px;--awb-spacing-left-large:1.92%;--awb-width-medium:100%;--awb-order-medium:0;--awb-spacing-right-medium:1.92%;--awb-spacing-left-medium:1.92%;--awb-width-small:100%;--awb-order-small:0;--awb-spacing-right-small:1.92%;--awb-spacing-left-small:1.92%;\"><div class=\"fusion-column-wrapper fusion-column-has-shadow fusion-flex-justify-content-flex-start fusion-content-layout-column\"><div class=\"fusion-text fusion-text-1\"><p>Eliel Soares de Figueir\u00eado \u00e9 um profissional altamente capacitado e experiente no ramo da sa\u00fade. Formado em Medicina, Farm\u00e1cia e Bioqu\u00edmica, com especializa\u00e7\u00e3o em patologia Cl\u00ednica al\u00e9m do t\u00edtulo de especialista em an\u00e1lises Cl\u00ednicas pela Sociedade Brasileira de An\u00e1lises Cl\u00ednicas, ele tamb\u00e9m possui uma renomada carreira como Professor Adjunto na Faculdade de Medicina de Valen\u00e7a, onde lecionou na cadeira de Bioqu\u00edmica.<\/p>\n<p>Em 13\/01\/1969, o Dr. Eliel fundou o Laborat\u00f3rio de An\u00e1lises Cl\u00ednicas Baronesa LTDA demonstrando sua vis\u00e3o pioneira e compromisso com excel\u00eancia no fornecimento de servi\u00e7os laboratoriais. Em 13\/01\/1978 ele criou os Laborat\u00f3rios M\u00e9dicos Dr. Eliel Figueir\u00eado LTDA, que hoje s\u00e3o reconhecidos como uma das maiores redes de laborat\u00f3rio de An\u00e1lises Cl\u00ednicas do Rio de Janeiro.<\/p>\n<p>O grupo liderado pelo Dr. Eliel conta com uma equipe de mais de 500 colaboradores altamente dedicados e qualificados, com unidades no Rio e Grande Rio <a href=\"https:\/\/www.elielfigueiredo.com.br\/index.php\/unidades\/\">encontre uma unidade pr\u00f3xima<\/a>. Essa ampla rede permite atender a uma vasta demanda da comunidade, oferecendo servi\u00e7os laboratoriais confi\u00e1veis e precisos para auxiliar no diagn\u00f3stico e tratamento adequado dos pacientes.<br \/>\nCom uma trajet\u00f3ria s\u00f3lida e um compromisso inabal\u00e1vel com a qualidade, o Dr. Eliel Figueir\u00eado se destaca como um l\u00edder vision\u00e1rio no setor da sa\u00fade, que busca constantemente inova\u00e7\u00e3o e melhoria cont\u00ednua para fornecer servi\u00e7os laboratoriais excel\u00eancia.<\/p>\n<p><em><strong>\u2018Bens materiais e at\u00e9 sa\u00fade podem ser recuperados. Mas o tempo que se deixou passar sem aproveita-lo \u00e9 irrecuper\u00e1vel. O \u00f3cio \u00e9 um pecado capital e um perigo, porque facilmente se tornar pai de muitos pecados.\u2019<\/strong><\/em><\/p>\n<\/div><\/div><\/div><\/div><\/div><div class=\"fusion-fullwidth fullwidth-box fusion-builder-row-2 fusion-flex-container has-pattern-background has-mask-background nonhundred-percent-fullwidth non-hundred-percent-height-scrolling\" style=\"--awb-border-radius-top-left:0px;--awb-border-radius-top-right:0px;--awb-border-radius-bottom-right:0px;--awb-border-radius-bottom-left:0px;\" ><div class=\"fusion-builder-row fusion-row fusion-flex-align-items-flex-start\" style=\"max-width:1310.4px;margin-left: calc(-4% \/ 2 );margin-right: calc(-4% \/ 2 );\"><div class=\"fusion-layout-column fusion_builder_column fusion-builder-column-1 fusion_builder_column_1_1 1_1 fusion-flex-column fusion-flex-align-self-center\" style=\"--awb-bg-size:cover;--awb-width-large:100%;--awb-margin-top-large:20px;--awb-spacing-right-large:1.92%;--awb-margin-bottom-large:20px;--awb-spacing-left-large:1.92%;--awb-width-medium:100%;--awb-order-medium:0;--awb-spacing-right-medium:1.92%;--awb-spacing-left-medium:1.92%;--awb-width-small:100%;--awb-order-small:0;--awb-spacing-right-small:1.92%;--awb-spacing-left-small:1.92%;\" data-motion-effects=\"[{&quot;type&quot;:&quot;&quot;,&quot;scroll_type&quot;:&quot;transition&quot;,&quot;scroll_direction&quot;:&quot;up&quot;,&quot;transition_speed&quot;:&quot;1&quot;,&quot;fade_type&quot;:&quot;in&quot;,&quot;scale_type&quot;:&quot;up&quot;,&quot;initial_scale&quot;:&quot;1&quot;,&quot;max_scale&quot;:&quot;1.5&quot;,&quot;min_scale&quot;:&quot;0.5&quot;,&quot;initial_rotate&quot;:&quot;0&quot;,&quot;end_rotate&quot;:&quot;30&quot;,&quot;initial_blur&quot;:&quot;0&quot;,&quot;end_blur&quot;:&quot;3&quot;,&quot;start_element&quot;:&quot;top&quot;,&quot;start_viewport&quot;:&quot;bottom&quot;,&quot;end_element&quot;:&quot;bottom&quot;,&quot;end_viewport&quot;:&quot;top&quot;,&quot;mouse_effect&quot;:&quot;track&quot;,&quot;mouse_effect_direction&quot;:&quot;opposite&quot;,&quot;mouse_effect_speed&quot;:&quot;2&quot;,&quot;infinite_animation&quot;:&quot;float&quot;,&quot;infinite_animation_speed&quot;:&quot;2&quot;}]\" data-scroll-devices=\"small-visibility,medium-visibility,large-visibility\"><div class=\"fusion-column-wrapper fusion-column-has-shadow fusion-flex-justify-content-flex-start fusion-content-layout-column\"><div style=\"text-align:center;\"><a class=\"fusion-button button-flat fusion-button-default-size button-default fusion-button-default button-1 fusion-button-default-span fusion-button-default-type\" target=\"_self\" href=\"https:\/\/www.elielfigueiredo.com.br\/index.php\/unidades\/\"><span class=\"fusion-button-text\">Encontre uma unidade pr\u00f3xima<\/span><\/a><\/div><\/div><\/div><\/div><\/div><\/p>\n","protected":false},"excerpt":{"rendered":"","protected":false},"author":1,"featured_media":0,"parent":0,"menu_order":0,"comment_status":"closed","ping_status":"closed","template":"","meta":{"footnotes":""},"class_list":["post-2755","page","type-page","status-publish","hentry"],"yoast_head":"<!-- This site is optimized with the Yoast SEO plugin v20.9 - https:\/\/yoast.com\/wordpress\/plugins\/seo\/ -->\n<title>Quem somos - Eliel figueiredo<\/title>\n<meta name=\"robots\" content=\"index, follow, max-snippet:-1, max-image-preview:large, max-video-preview:-1\" \/>\n<link rel=\"canonical\" href=\"https:\/\/www.elielfigueiredo.com.br\/index.php\/quem-somos\/\" \/>\n<meta property=\"og:locale\" content=\"pt_BR\" \/>\n<meta property=\"og:type\" content=\"article\" \/>\n<meta property=\"og:title\" content=\"Quem somos - Eliel figueiredo\" \/>\n<meta property=\"og:url\" content=\"https:\/\/www.elielfigueiredo.com.br\/index.php\/quem-somos\/\" \/>\n<meta property=\"og:site_name\" content=\"Eliel figueiredo\" \/>\n<meta property=\"article:modified_time\" content=\"2024-07-10T16:33:43+00:00\" \/>\n<meta name=\"twitter:card\" content=\"summary_large_image\" \/>\n<meta name=\"twitter:label1\" content=\"Est. tempo de leitura\" \/>\n\t<meta name=\"twitter:data1\" content=\"5 minutos\" \/>\n<script type=\"application\/ld+json\" class=\"yoast-schema-graph\">{\"@context\":\"https:\/\/schema.org\",\"@graph\":[{\"@type\":\"WebPage\",\"@id\":\"https:\/\/www.elielfigueiredo.com.br\/index.php\/quem-somos\/\",\"url\":\"https:\/\/www.elielfigueiredo.com.br\/index.php\/quem-somos\/\",\"name\":\"Quem somos - Eliel figueiredo\",\"isPartOf\":{\"@id\":\"https:\/\/www.elielfigueiredo.com.br\/#website\"},\"datePublished\":\"2023-09-20T02:02:48+00:00\",\"dateModified\":\"2024-07-10T16:33:43+00:00\",\"breadcrumb\":{\"@id\":\"https:\/\/www.elielfigueiredo.com.br\/index.php\/quem-somos\/#breadcrumb\"},\"inLanguage\":\"pt-BR\",\"potentialAction\":[{\"@type\":\"ReadAction\",\"target\":[\"https:\/\/www.elielfigueiredo.com.br\/index.php\/quem-somos\/\"]}]},{\"@type\":\"BreadcrumbList\",\"@id\":\"https:\/\/www.elielfigueiredo.com.br\/index.php\/quem-somos\/#breadcrumb\",\"itemListElement\":[{\"@type\":\"ListItem\",\"position\":1,\"name\":\"In\u00edcio\",\"item\":\"https:\/\/www.elielfigueiredo.com.br\/\"},{\"@type\":\"ListItem\",\"position\":2,\"name\":\"Quem somos\"}]},{\"@type\":\"WebSite\",\"@id\":\"https:\/\/www.elielfigueiredo.com.br\/#website\",\"url\":\"https:\/\/www.elielfigueiredo.com.br\/\",\"name\":\"Eliel figueiredo\",\"description\":\"Laborat\u00f3rio e Imagem. H\u00e1 mais de 50 anos promovendo sa\u00fade! Central de Atendimento: 21 2450-8200\",\"potentialAction\":[{\"@type\":\"SearchAction\",\"target\":{\"@type\":\"EntryPoint\",\"urlTemplate\":\"https:\/\/www.elielfigueiredo.com.br\/?s={search_term_string}\"},\"query-input\":\"required name=search_term_string\"}],\"inLanguage\":\"pt-BR\"}]}<\/script>\n<!-- \/ Yoast SEO plugin. -->","yoast_head_json":{"title":"Quem somos - Eliel figueiredo","robots":{"index":"index","follow":"follow","max-snippet":"max-snippet:-1","max-image-preview":"max-image-preview:large","max-video-preview":"max-video-preview:-1"},"canonical":"https:\/\/www.elielfigueiredo.com.br\/index.php\/quem-somos\/","og_locale":"pt_BR","og_type":"article","og_title":"Quem somos - Eliel figueiredo","og_url":"https:\/\/www.elielfigueiredo.com.br\/index.php\/quem-somos\/","og_site_name":"Eliel figueiredo","article_modified_time":"2024-07-10T16:33:43+00:00","twitter_card":"summary_large_image","twitter_misc":{"Est. tempo de leitura":"5 minutos"},"schema":{"@context":"https:\/\/schema.org","@graph":[{"@type":"WebPage","@id":"https:\/\/www.elielfigueiredo.com.br\/index.php\/quem-somos\/","url":"https:\/\/www.elielfigueiredo.com.br\/index.php\/quem-somos\/","name":"Quem somos - Eliel figueiredo","isPartOf":{"@id":"https:\/\/www.elielfigueiredo.com.br\/#website"},"datePublished":"2023-09-20T02:02:48+00:00","dateModified":"2024-07-10T16:33:43+00:00","breadcrumb":{"@id":"https:\/\/www.elielfigueiredo.com.br\/index.php\/quem-somos\/#breadcrumb"},"inLanguage":"pt-BR","potentialAction":[{"@type":"ReadAction","target":["https:\/\/www.elielfigueiredo.com.br\/index.php\/quem-somos\/"]}]},{"@type":"BreadcrumbList","@id":"https:\/\/www.elielfigueiredo.com.br\/index.php\/quem-somos\/#breadcrumb","itemListElement":[{"@type":"ListItem","position":1,"name":"In\u00edcio","item":"https:\/\/www.elielfigueiredo.com.br\/"},{"@type":"ListItem","position":2,"name":"Quem somos"}]},{"@type":"WebSite","@id":"https:\/\/www.elielfigueiredo.com.br\/#website","url":"https:\/\/www.elielfigueiredo.com.br\/","name":"Eliel figueiredo","description":"Laborat\u00f3rio e Imagem. H\u00e1 mais de 50 anos promovendo sa\u00fade! Central de Atendimento: 21 2450-8200","potentialAction":[{"@type":"SearchAction","target":{"@type":"EntryPoint","urlTemplate":"https:\/\/www.elielfigueiredo.com.br\/?s={search_term_string}"},"query-input":"required name=search_term_string"}],"inLanguage":"pt-BR"}]}},"jetpack_sharing_enabled":true,"_links":{"self":[{"href":"https:\/\/www.elielfigueiredo.com.br\/index.php\/wp-json\/wp\/v2\/pages\/2755","targetHints":{"allow":["GET"]}}],"collection":[{"href":"https:\/\/www.elielfigueiredo.com.br\/index.php\/wp-json\/wp\/v2\/pages"}],"about":[{"href":"https:\/\/www.elielfigueiredo.com.br\/index.php\/wp-json\/wp\/v2\/types\/page"}],"author":[{"embeddable":true,"href":"https:\/\/www.elielfigueiredo.com.br\/index.php\/wp-json\/wp\/v2\/users\/1"}],"replies":[{"embeddable":true,"href":"https:\/\/www.elielfigueiredo.com.br\/index.php\/wp-json\/wp\/v2\/comments?post=2755"}],"version-history":[{"count":9,"href":"https:\/\/www.elielfigueiredo.com.br\/index.php\/wp-json\/wp\/v2\/pages\/2755\/revisions"}],"predecessor-version":[{"id":4717,"href":"https:\/\/www.elielfigueiredo.com.br\/index.php\/wp-json\/wp\/v2\/pages\/2755\/revisions\/4717"}],"wp:attachment":[{"href":"https:\/\/www.elielfigueiredo.com.br\/index.php\/wp-json\/wp\/v2\/media?parent=2755"}],"curies":[{"name":"wp","href":"https:\/\/api.w.org\/{rel}","templated":true}]}}